{"id":57,"date":"2018-05-08T11:38:12","date_gmt":"2018-05-08T09:38:12","guid":{"rendered":"https:\/\/wp.ux.uis.no\/julocra\/?page_id=57"},"modified":"2021-05-05T12:48:37","modified_gmt":"2021-05-05T10:48:37","slug":"publications-and-presentations","status":"publish","type":"page","link":"https:\/\/wp.ux.uis.no\/julocra\/publications-and-presentations\/","title":{"rendered":"Publications and Presentations"},"content":{"rendered":"<p style=\"text-align: left\">Updated as of June 29, 2019.<\/p>\n<ul>\n<li><a class=\"blue\" href=\"#peer\">Published Peer-reviewed Papers<\/a><\/li>\n<li><a class=\"blue\" href=\"#submitted\">In progress or submitted Peer-reviewed Papers<\/a><\/li>\n<li><a class=\"blue\" href=\"#book\">Book Sections<\/a><\/li>\n<li><a class=\"blue\" href=\"#confpres\">Conference Presentations<\/a><\/li>\n<li><a class=\"blue\" href=\"#theses\">Theses<\/a><\/li>\n<\/ul>\n<p class=\"white\"><a name=\"peer\"><\/a> <strong>PEER REVIEWED PAPERS &#8211; INTERNATIONAL JOURNALS<\/strong><\/p>\n<div style=\"padding-left: 4em;text-indent: -4em\">\n<p>Alsen, P., Jelby, M.E., \u015aliwi\u0144ska, K.K. and J. Mutterlose, 2019, An Early Cretaceous stratigraphic marker fossil in the High Arctic: the belemnite Arctoteuthis bluethgeni: Geological Magazine, 1-14. <a href=\"https:\/\/doi.org\/10.1017\/S0016756819000803\">https:\/\/doi.org\/10.1017\/S0016756819000803<\/a><\/p>\n<p>Cede\u00f1o, A., Rojo, L., Cardozo, N., Centeno, L., A., Escalona, 2019, The Impact of Salt Tectonics on the Thermal Evolution and the Petroleum System of Confined Rift Basins: Insights from Basin Modeling of the Nordkapp Basin, Norwegian Barents Sea: Geosciences, 9, 316, 25 p. Open access; <a href=\"https:\/\/www.mdpi.com\/2076-3263\/9\/7\/316\">DOI:10.3390\/geosciences9070316<\/a><\/p>\n<p>Grundv\u00e5g, S. A., M. E. Jelby, S. Olaussen, and K. K. \u015aliwi\u0144ska, 2021, The role of shelf morphology on storm-bed variability and stratigraphic architecture, Lower Cretaceous, Svalbard: Sedimentology, v. 68, p. 196-237. <a href=\"http:\/\/dx.doi.org\/10.1111\/sed.12791\">http:\/\/dx.doi.org\/10.1111\/sed.12791<\/a><\/p>\n<p>Grundv\u00e5g, S.-A., M. E. Jelby, K. K. \u015aliwi\u0144ska, H. N\u00f8hr-Hansen, T. Aadland, S. E. Sandvik, I. Tennvass\u00e5s, T. M. Engen, and S. Olaussen, 2019, Sedimentology and palynology of the Lower Cretaceous succession of central Spitsbergen: integration of subsurface and outcrop data: Norwegian Journal of Geology, v 99, p. 253-284. <a href=\"https:\/\/dx.doi.org\/10.17850\/njg006\">https:\/\/dx.doi.org\/10.17850\/njg006<\/a><\/p>\n<p>Hammer, \u00d8., Alsen, P., Grundv\u00e5g, S-A., Jelby, M. E., N\u00f8hr-Hansen, H., Olaussen, S., Senger, K.,\u00a0 \u015aliwi\u0144ska, K., K and M. Smelror, 2018s, Comment on \u2018Redox conditions, productivity, and volcanic input during deposition of uppermost <span lang=\"EN-US\">Jurassic and Lower Cretaceous organic-rich siltstones in Spitsbergen, Norway\u2019 by Rakoci\u0144ski et al. (2018): Cretaceous Research; <a href=\"https:\/\/doi.org\/10.1016\/j.cretres.2018.09.017\">DOI:10.1016\/j.cretres.2018.09.01<\/a><\/span><\/p>\n<p>Helleren, S., D. Mar\u00edn, S. Ohm, C. Augustsson, and A. Escalona, 2020, Why does not lithology correlate with gamma-ray spikes in the shaley source rocks of the Upper Jurassic Alge Member (southwestern Barents Sea)?: Marine and Petroleum Geology, v. 121, p. 104623.<\/p>\n<p>Hjalmarsdottir, H. R., Nakrem H. A. and J. Nagy, 2018,\u00a0 Environmental significance and taxonomy of well preserved foraminifera from Upper Jurassic \u2013 Lower Cretaceous hydrocarbon seep carbonates, central Spitsbergen: <span lang=\"EN-US\">Micropaleontology, v.64, nos. 5-6, p. 435\u2013480.<\/span><\/p>\n<p>Hj\u00e1lmarsd\u00f3ttir, H.R., 2019, Quantitative biostratigraphy of Middle Jurassic\u00a0\u2013\u00a0Early Cretaceous foraminiferal events from the Arctic: Revue de Micropal\u00e9ontologie. <a href=\"https:\/\/doi.org\/10.1016\/j.revmic.2019.05.002\">https:\/\/doi.org\/10.1016\/j.revmic.2019.05.002<\/a><\/p>\n<p>Jelby, M. E., S. A. Grundv\u00e5g, W. Helland\u2010Hansen, S. Olaussen, and L. Stemmerik, 2020, Tempestite facies variability and storm\u2010depositional processes across a wide ramp: Towards a polygenetic model for hummocky cross\u2010stratification: Sedimentology, v. 67, p. 742-781. <a href=\"http:\/\/dx.doi.org\/10.1111\/sed.12671\">http:\/\/dx.doi.org\/10.1111\/sed.12671<\/a><\/p>\n<p>Jelby, M. E., K. K. \u015aliwi\u0144ska, M. J. Koevoets, P. Alsen, M. L. Vickers, S. Olaussen, and L. Stemmerik, 2020, Arctic reappraisal of global carbon-cycle dynamics across the Jurassic\u2013Cretaceous boundary and Valanginian Weissert Event: Palaeogeography, Palaeoclimatology, Palaeoecology, v. 555, p. 109847. <a href=\"https:\/\/doi.org\/10.1016\/j.palaeo.2020.109847\">https:\/\/doi.org\/10.1016\/j.palaeo.2020.109847<\/a><\/p>\n<p>Kairanov, B., D. Mar\u00edn, A. Escalona, and N. Cardozo, 2019, Growth and linkage of a basin-bounding fault system: Insights from the Early Cretaceous evolution of the northern Polhem Subplatform, SW Barents Sea: Journal of Structural Geology, v. 124, p. 182-196. <a href=\"https:\/\/doi.org\/10.1016\/j.jsg.2019.04.014\">https:\/\/doi.org\/10.1016\/j.jsg.2019.04.014<\/a><\/p>\n<p>Kairanov, B., A. Escalona, I. Norton, and P. Abrahamson, 2021, Early Cretaceous evolution of the Troms\u00f8 Basin, SW Barents Sea, Norway: Marine and Petroleum Geology, v. 123, p. 104714. <a href=\"https:\/\/doi.org\/10.1016\/j.marpetgeo.2020.104714\">https:\/\/doi.org\/10.1016\/j.marpetgeo.2020.104714<\/a><\/p>\n<p>Koevoets, M.J., Hammer, \u00d8., and C.T.S. Little, 2019, Palaeoecology and palaeoenvironments of the Middle Jurassic to lowermost Cretaceous Agardhfjellet Formation (Bathonian\u2013Ryazanian), Spitsbergen, Svalbard, Norwegian Journal of Geology, v. 99, Nr. 1 p. 1-24. Open access; <a href=\"https:\/\/njg.geologi.no\/images\/NJG_articles\/NJG_Vol99_Nr1_Art_Koevoets.pdf\">https:\/\/dx.doi.org\/10.17850\/njg99-1-02<\/a><\/p>\n<p>Koevoets, M. J.,\u00a0 Hammer, \u00d8., Olaussen, S., K. Senger and M. Smelror, 2018, Integrating subsurface and outcrop data of Middle Jurassic to Lower Cretaceous Agardhfjellet Formation in central Spitsbergen: Norwegian Journal of Geology, v. 98, Nr.4 p.1-34, ISSN: 23875844, doi: 10.17850\/njg98-4-01. Open access;<a href=\"https:\/\/njg.geologi.no\/images\/NJG_articles\/NJG_Vol98_Nr4_Art1_Koevoets.pdf\"> https:\/\/dx.doi.org\/10.17850\/njg98-4-01<\/a><\/p>\n<p>Mar\u00edn, D., A. Escalona, S.-A. Grundv\u00e5g, H. N\u00f8hr-Hansen, and B. Kairanov, 2018, Effects of adjacent fault systems on drainage patterns and evolution of uplifted rift shoulders: The Lower Cretaceous in the Loppa High, southwestern Barents Sea: Marine and Petroleum Geology, v. 94, p. 212-229. <a href=\"https:\/\/doi.org\/10.1016\/j.marpe%20tgeo.2018.04.009\" target=\"_blank\" rel=\"noopener noreferrer\" data-auth=\"NotApplicable\" data-linkindex=\"4\">https:\/\/doi.org\/10.1016\/j.marpe tgeo.2018.04.009<\/a><\/p>\n<p>Mar\u00edn, D., S. Helleren, A. Escalona, S. Olaussen, A. Cede\u00f1o, H. N\u00f8hr\u2010Hansen, and S. Ohm, 2021, The Middle Jurassic to lowermost Cretaceous in the SW Barents Sea: Interplay between tectonics, coarse\u2010grained sediment supply and organic matter preservation: Basin Research, v. 33, p. 1033-1055. <a href=\"http:\/\/dx.doi.org\/10.1111\/bre.12504\">http:\/\/dx.doi.org\/10.1111\/bre.12504<\/a><\/p>\n<p>Olaussen, S., Larssen, G. B., Helland-Hansen, W., Johannessen, E.P., N\u00f8ttvedt, A., Riis, F., Rismyhr, B., Smelror, M., and D. Worsley, 2019, Mesozoic strata of Kong Karls Land, Svalbard, Norway; a link to the northern Barents Sea basins and platforms: Norwegian Journal of Geology, v. 98, Nr.4 p. 1-69, doi:10.17850\/njg98-4-06. Open access; <a href=\"https:\/\/njg.geologi.no\/images\/NJG_articles\/NJG_Vol98_Nr4_Art6_Olaussen.pdf\">https:\/\/dx.doi.org\/10.17850\/njg98-4-06<\/a><\/p>\n<p>Ohm, S. E., L. Larsen, S. Olaussen, K. Senger, T. Birchall, T. Demchuk, A. Hodson, I. Johansen, G. O. Titlestad, and D. A. Karlsen, 2019, Discovery of shale gas in organic rich Jurassic successions, Adventdalen, Central Spitsbergen, Norway: Norwegian Journal of Geology, v. 99, p. 349-376. <a href=\"https:\/\/dx.doi.org\/10.17850\/njg007\">https:\/\/dx.doi.org\/10.17850\/njg007<\/a><\/p>\n<p>Rojo, L.A., Mar\u00edn, D., Cardozo, N., Escalona, A. and H. Koyi, 2019, The influence of halokinesis on prograding clinoforms: Insights from the Tiddlybanken Basin, Norwegian Barents Sea: Basin Research, 0, <a href=\"http:\/\/doi.org\/10.1111\/bre.12411.\">http:\/\/doi.org\/10.1111\/bre.12411.<\/a><\/p>\n<p>Serck, C. S., A. Braathen, S. Olaussen, P. T. Osmundsen, I. Midtkandal, A. E. van Yperen, and K. Indrev\u00e6r, 2021, Supradetachment to rift basin transition recorded in continental to marine deposition; Paleogene Bandar Jissah Basin, NE Oman: Basin Research, v. 33, p. 544-569. <a href=\"http:\/\/dx.doi.org\/10.1111\/bre.12484\">http:\/\/dx.doi.org\/10.1111\/bre.12484<\/a><\/p>\n<p>Serck, C. S., and A. Braathen, 2019, Extensional fault and fold growth: Impact on accommodation evolution and sedimentary infill: Basin Research, v. 31, p. 967-990. <a href=\"https:\/\/doi.org\/10.1111\/bre.12353\">https:\/\/doi.org\/10.1111\/bre.12353<\/a><\/p>\n<p>\u015aliwi\u0144ska, K. K., M. E. Jelby, S.-A. Grundv\u00e5g, H. N\u00f8hr-Hansen, P. Alsen, and S. Olaussen, 2020, Dinocyst stratigraphy of the Valanginian\u2013Aptian Rurikfjellet and Helvetiafjellet formations on Spitsbergen, Arctic Norway: Geological Magazine, v. 157, p. 1693-1714. <a href=\"https:\/\/doi.org\/10.1017\/S0016756819001249\">https:\/\/doi.org\/10.1017\/S0016756819001249<\/a><\/p>\n<p>Smelror, M., Larssen, G. B., Olaussen, S., R\u00f8muld A., and R. Williams, 2019, Late Triassic to Early Cretaceous palynostratigraphy of Kong Karls Land, Svalbard, Arctic Norway, with correlations to Franz Josef Land, Arctic Russia: Norwegian Journal of Geology, v. 98, Nr.4 p. 1-31, doi:10.17850\/njg98-4-04. Open access; <a href=\"https:\/\/njg.geologi.no\/images\/NJG_articles\/NJG_Vol98_Nr4_Art4_Smelror.pdf\">https:\/\/dx.doi.org\/10.17850\/njg004<\/a><\/p>\n<p><a class=\"blue\" href=\"#top\">Back to top<\/a><\/p>\n<p class=\"white\"><a name=\"submitted\"><\/a><strong>IN PROGRESS OR SUBMITTED PAPERS FOR PUBLICATION<\/strong><\/p>\n<ul type=\"disc\">\n<li><span lang=\"en-GB\">Cede\u00f1o, A., Ohm, S., Escalona, A., Mar\u00edn, D., Olaussen, S. &amp; Demchuck T. Geochemical and paleogeographic constrains in Late Jurassic source rocks in the Norwegian Barents Sea. Submitted Marine petrol Geology<\/span><\/li>\n<\/ul>\n<p class=\"white\"><a class=\"blue\" href=\"#top\">Back to top<\/a><\/p>\n<p class=\"white\"><a name=\"book\"><\/a><strong>BOOK SECTIONS<\/strong><\/p>\n<p class=\"white\"><a class=\"blue\" href=\"#top\">Back to top<\/a><\/p>\n<p class=\"white\"><a name=\"confpres\"><\/a><strong>CONFERENCE PRESENTATIONS<\/strong><\/p>\n<div style=\"padding-left: 4em;text-indent: -4em\">\n<p>Braut, T.I., Escalona, A. and Augustsson, C., 2018. Middle to Upper Jurassic Depositional Setting in the Hammerfest Basin: 80th EAGE Conference &amp; Exhibition 2018 Student Programme. Copenhagen, Denmark.<\/p>\n<p>Cede\u00f1o, A.F., Ohm S.E. and Escalona A., 2019. Facies variations within the Hekkingen Formation: An interdisciplinary approach: 29th International Meeting on Organic Geochemistry (IMOG). Gothenburg, Sweden.<\/p>\n<p>Helleren, S., Marin, D., Augustsson, C. and S.E. Ohm, 2019. Lateral Compositional Variations in the Upper Jurassic Source Rock in the Southwestern Barents Sea: 81st EAGE Conference &amp; Exhibition 2019, Oral presentation. London, UK.<\/p>\n<p>Marin, D. and Escalona, A., 2019. The Middle to Upper Jurassic in the SW Barents Sea: Active faulting controlling the variation of organic-rich rocks: 34th International Meeting of Sedimentology. Rome, Italy.<\/p>\n<p>Usken, B., Escalona, A. and Marin, D., 2018. Late Jurassic\u2013Early Cretaceous Tectonostratigraphic Evolution of the Nysleppen Fault Complex, Southwestern Barents Sea: 80th EAGE Conference &amp; Exhibition 2018 Student Programme. Copenhagen, Denmark.<\/p>\n<p>Zhang, Y., J. G. Ogg, D. A. Minguez, M. Hounslow, S. Olaussen, F. Gradstein, and S. Esmeray-Senlet, 2019, Magnetostratigraphy of U\/Pb-dated Boreholes in Svalbard, Norway, Implies that the Barremian-Aptian Boundary (Beginning of Chron M0r) is 121.2\u00b10.4 Ma: AGU Fall Meeting Abstracts, p. GP44A-06.<\/p>\n<\/div>\n<p class=\"white\"><a class=\"blue\" href=\"#top\"> Back to top<\/a><\/p>\n<p class=\"white\"><a name=\"theses\"><\/a><strong>THESES<\/strong><\/p>\n<div style=\"padding-left: 4em;text-indent: -4em\">\n<p>Braut, T.I., 2018, Middle to Upper Jurassic Depositional Setting in the Hammerfest Basin, SW Barents Sea: MSc thesis, University of Stavanger, Stavanger, Norway, 106p.<\/p>\n<p>Helleren, S., 2019, Lateral compositional variations in the Upper Jurassic source rock in the southwestern Barents Sea \u2013 an organic or inorganic disclosure: MSc thesis, University of Stavanger, Stavanger, Norway, 118p.<\/p>\n<p>Koevoets, M. J., 2018, The Palaeontology, Stratigraphy and Palaeo-environtment of the Agardhfjellet Formation (Middle Jurassic to Lower Cretaceous) of Spitsbergen, Svalbard: PhD thesis, University of Oslo, Norway, 250 p.<\/p>\n<p>Usken, B., 2018, Upper Jurassic-Lower Cretaceous Seismic Interpretation in the Nysleppen Falut Complex, SW Barents Sea: BSc thesis, University of Stavanger, Stavanger, Norway, 58p.<\/p>\n<\/div>\n<p><a class=\"blue\" href=\"#top\">Back to top<\/a><\/p>\n<\/div>\n","protected":false},"excerpt":{"rendered":"<p>Updated as of June 29, 2019. Published Peer-reviewed Papers In progress or submitted Peer-reviewed Papers Book Sections Conference Presentations Theses PEER REVIEWED PAPERS &#8211; INTERNATIONAL JOURNALS Alsen, P., Jelby, M.E., \u015aliwi\u0144ska, K.K. and J. Mutterlose, 2019, An Early Cretaceous stratigraphic marker fossil in the High Arctic: the belemnite Arctoteuthis bluethgeni: Geological Magazine, 1-14. https:\/\/doi.org\/10.1017\/S0016756819000803 Cede\u00f1o, [&hellip;]<\/p>\n","protected":false},"author":4,"featured_media":0,"parent":0,"menu_order":0,"comment_status":"closed","ping_status":"closed","template":"","meta":{"footnotes":""},"class_list":["post-57","page","type-page","status-publish","hentry"],"_links":{"self":[{"href":"https:\/\/wp.ux.uis.no\/julocra\/wp-json\/wp\/v2\/pages\/57","targetHints":{"allow":["GET"]}}],"collection":[{"href":"https:\/\/wp.ux.uis.no\/julocra\/wp-json\/wp\/v2\/pages"}],"about":[{"href":"https:\/\/wp.ux.uis.no\/julocra\/wp-json\/wp\/v2\/types\/page"}],"author":[{"embeddable":true,"href":"https:\/\/wp.ux.uis.no\/julocra\/wp-json\/wp\/v2\/users\/4"}],"replies":[{"embeddable":true,"href":"https:\/\/wp.ux.uis.no\/julocra\/wp-json\/wp\/v2\/comments?post=57"}],"version-history":[{"count":55,"href":"https:\/\/wp.ux.uis.no\/julocra\/wp-json\/wp\/v2\/pages\/57\/revisions"}],"predecessor-version":[{"id":948,"href":"https:\/\/wp.ux.uis.no\/julocra\/wp-json\/wp\/v2\/pages\/57\/revisions\/948"}],"wp:attachment":[{"href":"https:\/\/wp.ux.uis.no\/julocra\/wp-json\/wp\/v2\/media?parent=57"}],"curies":[{"name":"wp","href":"https:\/\/api.w.org\/{rel}","templated":true}]}}