{"id":18,"date":"2018-06-26T07:40:48","date_gmt":"2018-06-26T07:40:48","guid":{"rendered":"https:\/\/wp.ux.uis.no\/pabas\/?page_id=18"},"modified":"2026-04-17T07:50:04","modified_gmt":"2026-04-17T07:50:04","slug":"publications-and-presentations","status":"publish","type":"page","link":"https:\/\/wp.ux.uis.no\/pabas\/publications-and-presentations\/","title":{"rendered":"PUBLICATIONS AND PRESENTATIONS"},"content":{"rendered":"<p><strong><u>Conferences:<\/u><\/strong><\/p>\n<p><a href=\"https:\/\/wp.ux.uis.no\/pabas\/wp-content\/uploads\/sites\/4\/2023\/06\/Abstract_IAS_Conference_2023_Urrez_et.al_.pdf\">Urrez, N., Helleren, S., Augustsson, C., Mar\u00edn, D., 2023. Tectonosedimentary variations from Permian to Triassic in the southeastern part of the Central Graben of the Norwegian continental shelf. 36<sup>th<\/sup> IAS Conference.<\/a><\/p>\n<p><a href=\"https:\/\/wp.ux.uis.no\/pabas\/wp-content\/uploads\/sites\/4\/2023\/07\/PetroleumsSystems2023_abstract-Guro-Skarstein.pdf\">Skarstein, G., A., Ohm, S., Mar\u00edn, D., &amp; Escalona, A., 2023. Palaeozic Petroleum System Wanted: Rather Alive than Dead, 3rd NPF Petroleum Systems Conference.<\/a><\/p>\n<p><a href=\"https:\/\/wp.ux.uis.no\/pabas\/wp-content\/uploads\/sites\/4\/2023\/07\/PetroleumsSystems2023_abstract-Sverre-Ohm.pdf\">Ohm, S., 2023. Sources of mercury in petroleum, 3rd NPF Petroleum Systems Conference.<\/a><\/p>\n<p><a href=\"https:\/\/wp.ux.uis.no\/pabas\/wp-content\/uploads\/sites\/4\/2023\/06\/Abstract-NPF2023-Andres-Cedeno.pdf\">Cede\u00f1o, A., Pepper, A., Ohm, S., Mar\u00edn, D., &amp; Escalona, A., 2023. Zechstein-like Petroleum Systems: A Preliminary Evaluation, 3rd NPF Petroleum Systems Conference.<\/a><\/p>\n<p><a href=\"https:\/\/pabas.ux.uis.no\/sponsor\/Conference\/Marin%20et%20al_EAGE.pdf\">Marin, D., Cede\u00f1o, A., Rojo, L., Escalona, A., Dyskeland, J., Skarstein, G., 2022. Importance of Evaporitic Successions in Geothermal Energy and Near Field Exploration in the Norwegian North Sea, 83rd EAGE Annual Conference &amp; Exhibition.<\/a><\/p>\n<p><a href=\"https:\/\/www.npd.no\/en\/force\/Previous-events\/webinar-the-paleozoic-petroleum-system-in-the-north-sea\/\">Skarstein, G., Marin, D., Cede\u00f1o, A., Ohm, S., Escalona, A., 2022. Webinar: The Paleozoic petroleum system in the North Sea<\/a><\/p>\n<p><a href=\"https:\/\/pabas.ux.uis.no\/sponsor\/Conference\/Presentation%20-%20Guro%20Skarstein%20EAGE%202022.pdf\">Skarstein, G., Ohm, S., Cede\u00f1o, A., Escalona, A., 2022. Facies Variations of Upper Jurassic Source Rocks in the Northern North Sea, 83rd EAGE Annual Conference &amp; Exhibition. European Association of Geoscientists &amp; Engineers.<\/a><\/p>\n<p><strong><u>Publications:<\/u><\/strong><\/p>\n<p><a href=\"https:\/\/pabas.ux.uis.no\/sponsor\/Publications\/Urrez_etal_2025_Basin_Research.pdf\">Urrez, N., Escalona, A., Augustsson, C., (2025). Overview Over Formation Mechanisms, Structural Domains and Petroleum Systems Implications for Palaeozoic Depocenters of the Norwegian North Sea<\/a><\/p>\n<p><a href=\"https:\/\/pabas.ux.uis.no\/sponsor\/Publications\/Skarstein%20et%20al.%202022.pdf\">Skarstein, G., Ohm S., Cede\u00f1o, A., Escalona, A., (2022). Facies Variations in the Upper Jurassic Source Rocks of the Norwegian North Sea; From Micro- to Macro Scale. Marine and Petroleum Geology, 145, 105856<\/a><\/p>\n<p><a href=\"https:\/\/onlinelibrary.wiley.com\/doi\/10.1111\/bre.12761\">Mar\u00edn, D., Cardozo, N., &amp; Escalona, A. (2023). Compositional variation of the Zechstein Group in the Norwegian North sea: Implications for underground storage in salt caverns. Basin Research, 00, 1\u201326.\u00a0<\/a><\/p>\n<p><strong><u>Thesis<\/u><\/strong><\/p>\n<p><a href=\"https:\/\/uis.brage.unit.no\/uis-xmlui\/handle\/11250\/3086696\">Seyfeli, D. F. 2023. Lithological Heterogeneities in the Zechstein Group: Compressed Air Energy Storage Opportunities in Salt Caverns. Master Thesis, University of Stavanger, 70 s.<\/a><\/p>\n<p><a href=\"https:\/\/uis.brage.unit.no\/uis-xmlui\/handle\/11250\/3005868\">Berland, L. E. 2022. Geomorfologisk effekt p\u00e5 sediment\u00e6r sammensetning i den permiske Rotliegend-gruppen i Nordsj\u00f8en. Bachelor Thesis, University of Stavanger, <\/a><a href=\"https:\/\/uis.brage.unit.no\/uis-xmlui\/handle\/11250\/3005868\">51 s.<\/a><\/p>\n<p><a href=\"https:\/\/uis.brage.unit.no\/uis-xmlui\/handle\/11250\/3005867\">Achterberg, A. M. v. 2022. North-Sea basement and provenance of the Permian Rotliegend<br \/>\nGroup. Bachelor Thesis, University of Stavanger, 50 s.<\/a><\/p>\n<p><a href=\"https:\/\/pabas.ux.uis.no\/sponsor\/Theses\/MSc_David_Rodriguez.pdf\">Rodriguez Cabra, D. A. 2020. Upper Paleozoic basin evolution in the Feda Graben and the Steinbit Terrace area, Northern Central Graben, Norway. Master Thesis, University of Stavanger, 139 s.<\/a><\/p>\n<p><a href=\"\/\/jenny3\/users\/mjcuello\/Downloads\/Doudouh_Laila.pdf\">Doudouh, L. 2017. Paleozoic-Holocene tectonostratigraphic evolution of the S\u00f8rvestlandet High and<br \/>\nthe \u00c5sta Graben, Southern Norwegian North Sea. Master Thesis, University of Stavanger, 117 s.<\/a><\/p>\n","protected":false},"excerpt":{"rendered":"<p>Conferences: Urrez, N., Helleren, S., Augustsson, C., Mar\u00edn, D., 2023. Tectonosedimentary variations from Permian to Triassic in the southeastern part of the Central Graben of the Norwegian continental shelf. 36th IAS Conference. Skarstein, G., A., Ohm, S., Mar\u00edn, D., &amp; Escalona, A., 2023. Palaeozic Petroleum System Wanted: Rather Alive than Dead, 3rd NPF Petroleum Systems [&hellip;]<\/p>\n","protected":false},"author":23,"featured_media":0,"parent":0,"menu_order":0,"comment_status":"closed","ping_status":"closed","template":"","meta":{"footnotes":""},"class_list":["post-18","page","type-page","status-publish","hentry"],"_links":{"self":[{"href":"https:\/\/wp.ux.uis.no\/pabas\/wp-json\/wp\/v2\/pages\/18","targetHints":{"allow":["GET"]}}],"collection":[{"href":"https:\/\/wp.ux.uis.no\/pabas\/wp-json\/wp\/v2\/pages"}],"about":[{"href":"https:\/\/wp.ux.uis.no\/pabas\/wp-json\/wp\/v2\/types\/page"}],"author":[{"embeddable":true,"href":"https:\/\/wp.ux.uis.no\/pabas\/wp-json\/wp\/v2\/users\/23"}],"replies":[{"embeddable":true,"href":"https:\/\/wp.ux.uis.no\/pabas\/wp-json\/wp\/v2\/comments?post=18"}],"version-history":[{"count":17,"href":"https:\/\/wp.ux.uis.no\/pabas\/wp-json\/wp\/v2\/pages\/18\/revisions"}],"predecessor-version":[{"id":675,"href":"https:\/\/wp.ux.uis.no\/pabas\/wp-json\/wp\/v2\/pages\/18\/revisions\/675"}],"wp:attachment":[{"href":"https:\/\/wp.ux.uis.no\/pabas\/wp-json\/wp\/v2\/media?parent=18"}],"curies":[{"name":"wp","href":"https:\/\/api.w.org\/{rel}","templated":true}]}}